{"id":13485,"date":"2026-03-16T10:38:57","date_gmt":"2026-03-16T10:38:57","guid":{"rendered":"https:\/\/cyber-revolve.dev.mirally.com\/?page_id=13485"},"modified":"2026-04-20T10:57:04","modified_gmt":"2026-04-20T10:57:04","slug":"des-pme-aux-grandes-entreprises","status":"publish","type":"page","link":"https:\/\/cyber-revolve.dev.mirally.com\/fr\/notre-expertise\/des-pme-aux-grandes-entreprises\/","title":{"rendered":"DES PME AUX GRANDES ENTREPRISES"},"content":{"rendered":"\t\t<div data-elementor-type=\"wp-page\" data-elementor-id=\"13485\" class=\"elementor elementor-13485 elementor-13410\">\n\t\t\t\t<div class=\"elementor-element elementor-element-4049ce2f e-flex e-con-boxed e-con e-parent\" data-id=\"4049ce2f\" data-element_type=\"container\" data-e-type=\"container\">\n\t\t\t\t\t<div class=\"e-con-inner\">\n\t\t\t\t<div class=\"elementor-element elementor-element-5d2693e7 elementor-widget elementor-widget-heading\" data-id=\"5d2693e7\" data-element_type=\"widget\" data-e-type=\"widget\" data-widget_type=\"heading.default\">\n\t\t\t\t\t<p class=\"elementor-heading-title elementor-size-default\"><a href=\"https:\/\/cyber-revolve.dev.mirally.com\/fr\/notre-expertise\/\">Notre expertise<\/a> &gt; <a href=\"https:\/\/cyber-revolve.dev.mirally.com\/fr\/notre-expertise\/des-pme-aux-grandes-entreprises\/\">Des PME aux Grandes Entreprises<\/a><\/p>\t\t\t\t<\/div>\n\t\t\t\t<div class=\"elementor-element elementor-element-a602d42 elementor-widget elementor-widget-heading\" data-id=\"a602d42\" data-element_type=\"widget\" data-e-type=\"widget\" data-widget_type=\"heading.default\">\n\t\t\t\t\t<h1 class=\"elementor-heading-title elementor-size-default\">DES PME AUX GRANDES ENTREPRISES<\/h1>\t\t\t\t<\/div>\n\t\t\t\t<div class=\"elementor-element elementor-element-728389de elementor-widget elementor-widget-text-editor\" data-id=\"728389de\" data-element_type=\"widget\" data-e-type=\"widget\" data-widget_type=\"text-editor.default\">\n\t\t\t\t\t\t\t\t\t<p><strong>S\u00e9curisez votre organisation. Renforcez tout votre \u00e9cosyst\u00e8me.<\/strong> Dans une \u00e9conomie interconnect\u00e9e, la s\u00e9curit\u00e9 d\u2019un maillon impacte toute la cha\u00eene de valeur. Avec l\u2019expertise Cyber Revolve, prot\u00e9gez vos op\u00e9rations, gagnez en cr\u00e9dibilit\u00e9 et r\u00e9duisez vos risques \u2014 de la PME au grand groupe.<\/p>\n\t\t\t\t\t\t\t\t<\/div>\n\t\t\t\t<div class=\"elementor-element elementor-element-2948ade elementor-widget-divider--view-line elementor-widget elementor-widget-divider\" data-id=\"2948ade\" data-element_type=\"widget\" data-e-type=\"widget\" data-widget_type=\"divider.default\">\n\t\t\t\t\t\t\t<div class=\"elementor-divider\">\n\t\t\t<span class=\"elementor-divider-separator\">\n\t\t\t\t\t\t<\/span>\n\t\t<\/div>\n\t\t\t\t\t\t<\/div>\n\t\t\t\t\t<\/div>\n\t\t\t\t<\/div>\n\t\t\t\t<section class=\"elementor-section elementor-top-section elementor-element elementor-element-6768e2f elementor-section-boxed elementor-section-height-default elementor-section-height-default\" data-id=\"6768e2f\" data-element_type=\"section\" data-e-type=\"section\">\n\t\t\t\t\t\t<div class=\"elementor-container elementor-column-gap-default\">\n\t\t\t\t\t<div class=\"elementor-column elementor-col-50 elementor-top-column elementor-element elementor-element-2fcaeb6 elementor-invisible\" data-id=\"2fcaeb6\" data-element_type=\"column\" data-e-type=\"column\" id=\"strategy-01\" data-settings=\"{&quot;animation&quot;:&quot;fadeInUp&quot;}\">\n\t\t\t<div class=\"elementor-widget-wrap elementor-element-populated\">\n\t\t\t\t\t\t<div class=\"elementor-element elementor-element-b17b62a elementor-view-default elementor-position-block-start elementor-mobile-position-block-start elementor-widget elementor-widget-icon-box\" data-id=\"b17b62a\" data-element_type=\"widget\" data-e-type=\"widget\" data-widget_type=\"icon-box.default\">\n\t\t\t\t\t\t\t<div class=\"elementor-icon-box-wrapper\">\n\n\t\t\t\t\t\t<div class=\"elementor-icon-box-icon\">\n\t\t\t\t<span  class=\"elementor-icon\">\n\t\t\t\t<i aria-hidden=\"true\" class=\" stm-mumbai_people\"><\/i>\t\t\t\t<\/span>\n\t\t\t<\/div>\n\t\t\t\n\t\t\t\t\t\t<div class=\"elementor-icon-box-content\">\n\n\t\t\t\t\t\t\t\t\t<h2 class=\"elementor-icon-box-title\">\n\t\t\t\t\t\t<span  >\n\t\t\t\t\t\t\tPME &amp; ETI : \u00e9levez votre niveau de s\u00e9curit\u00e9 pour prot\u00e9ger votre business\t\t\t\t\t\t<\/span>\n\t\t\t\t\t<\/h2>\n\t\t\t\t\n\t\t\t\t\n\t\t\t<\/div>\n\t\t\t\n\t\t<\/div>\n\t\t\t\t\t\t<\/div>\n\t\t\t\t<div class=\"elementor-element elementor-element-4036c0d elementor-widget elementor-widget-text-editor\" data-id=\"4036c0d\" data-element_type=\"widget\" data-e-type=\"widget\" data-widget_type=\"text-editor.default\">\n\t\t\t\t\t\t\t\t\t<p><strong>Nous vous aidons \u00e0 :<\/strong><\/p>\n<ul>\n<li>Prot\u00e9ger vos op\u00e9rations essentielles.<\/li>\n<li>S\u00e9curiser vos acc\u00e8s et vos usages sans complexit\u00e9.<\/li>\n<li>Mettre en place un socle de s\u00e9curit\u00e9 robuste et adapt\u00e9 \u00e0 votre organisation.<\/li>\n<li>R\u00e9duire les risques majeurs qui menacent votre activit\u00e9 et votre image.<\/li>\n<\/ul>\n<p><strong>La cybers\u00e9curit\u00e9 comme levier business.<\/strong> La s\u00e9curit\u00e9 n&rsquo;est pas seulement une contrainte : c&rsquo;est un levier commercial puissant.<\/p>\n<p><strong>Nous vous permettons de :<\/strong><\/p>\n<ul>\n<li>R\u00e9pondre rapidement aux exigences de vos clients grands comptes.<\/li>\n<li>Renforcer votre cr\u00e9dibilit\u00e9 dans les appels d&rsquo;offres.<\/li>\n<li>Structurer votre conformit\u00e9 (ISO 27001, NIS2, r\u00e9f\u00e9rentiels m\u00e9tier).<\/li>\n<li>Devenir un partenaire fiable et attendu dans votre \u00e9cosyst\u00e8me.<\/li>\n<\/ul>\n\t\t\t\t\t\t\t\t<\/div>\n\t\t\t\t\t<\/div>\n\t\t<\/div>\n\t\t\t\t<div class=\"elementor-column elementor-col-50 elementor-top-column elementor-element elementor-element-d1fe04e elementor-invisible\" data-id=\"d1fe04e\" data-element_type=\"column\" data-e-type=\"column\" id=\"strategy-02\" data-settings=\"{&quot;background_background&quot;:&quot;classic&quot;,&quot;animation&quot;:&quot;fadeInUp&quot;,&quot;animation_delay&quot;:200}\">\n\t\t\t<div class=\"elementor-widget-wrap elementor-element-populated\">\n\t\t\t\t\t\t<div class=\"elementor-element elementor-element-4d83002 elementor-view-default elementor-position-block-start elementor-mobile-position-block-start elementor-widget elementor-widget-icon-box\" data-id=\"4d83002\" data-element_type=\"widget\" data-e-type=\"widget\" data-widget_type=\"icon-box.default\">\n\t\t\t\t\t\t\t<div class=\"elementor-icon-box-wrapper\">\n\n\t\t\t\t\t\t<div class=\"elementor-icon-box-icon\">\n\t\t\t\t<span  class=\"elementor-icon\">\n\t\t\t\t<i aria-hidden=\"true\" class=\" stm-building6\"><\/i>\t\t\t\t<\/span>\n\t\t\t<\/div>\n\t\t\t\n\t\t\t\t\t\t<div class=\"elementor-icon-box-content\">\n\n\t\t\t\t\t\t\t\t\t<h2 class=\"elementor-icon-box-title\">\n\t\t\t\t\t\t<span  >\n\t\t\t\t\t\t\tGrandes entreprises : s\u00e9curisez votre r\u00e9seau de partenaires\t\t\t\t\t\t<\/span>\n\t\t\t\t\t<\/h2>\n\t\t\t\t\n\t\t\t\t\n\t\t\t<\/div>\n\t\t\t\n\t\t<\/div>\n\t\t\t\t\t\t<\/div>\n\t\t\t\t<div class=\"elementor-element elementor-element-a61c427 elementor-widget elementor-widget-text-editor\" data-id=\"a61c427\" data-element_type=\"widget\" data-e-type=\"widget\" data-widget_type=\"text-editor.default\">\n\t\t\t\t\t\t\t\t\t<p><strong>Nous aidons les grands comptes \u00e0 :<\/strong><\/p>\n<ul type=\"disc\">\n<li>Identifier les risques de leur \u00e9cosyst\u00e8me (tiers, prestataires, filiales).<\/li>\n<li>Prioriser les actions \u00e0 mener pour s\u00e9curiser en premier les zones critiques.<\/li>\n<li>Renforcer la s\u00e9curit\u00e9 des partenaires cl\u00e9s sans complexit\u00e9 inutile.<\/li>\n<li>D\u00e9ployer une strat\u00e9gie coh\u00e9rente et mesurable pour r\u00e9duire les risques supply chain.<\/li>\n<\/ul>\n\t\t\t\t\t\t\t\t<\/div>\n\t\t\t\t\t<\/div>\n\t\t<\/div>\n\t\t\t\t\t<\/div>\n\t\t<\/section>\n\t\t<div class=\"elementor-element elementor-element-7bf219e e-flex e-con-boxed e-con e-parent\" data-id=\"7bf219e\" data-element_type=\"container\" data-e-type=\"container\">\n\t\t\t\t\t<div class=\"e-con-inner\">\n\t\t<div class=\"elementor-element elementor-element-1c1fd50 e-con-full e-flex e-con e-child\" data-id=\"1c1fd50\" data-element_type=\"container\" data-e-type=\"container\" data-settings=\"{&quot;background_background&quot;:&quot;classic&quot;}\">\n\t\t\t\t<div class=\"elementor-element elementor-element-894ecaa elementor-widget elementor-widget-heading\" data-id=\"894ecaa\" data-element_type=\"widget\" data-e-type=\"widget\" data-widget_type=\"heading.default\">\n\t\t\t\t\t<h2 class=\"elementor-heading-title elementor-size-default\">Construire un \u00e9cosyst\u00e8me s\u00fbr et r\u00e9silient<\/h2>\t\t\t\t<\/div>\n\t\t\t\t<div class=\"elementor-element elementor-element-fbdce61 elementor-widget elementor-widget-text-editor\" data-id=\"fbdce61\" data-element_type=\"widget\" data-e-type=\"widget\" data-widget_type=\"text-editor.default\">\n\t\t\t\t\t\t\t\t\t<p><strong>Notre conviction : un march\u00e9 s\u00e9curis\u00e9 b\u00e9n\u00e9ficie \u00e0 l\u2019ensemble des acteurs, de la PME \u00e0 la multinationale.<\/strong><\/p>\n\t\t\t\t\t\t\t\t<\/div>\n\t\t\t\t<div class=\"elementor-element elementor-element-d816649 elementor-widget__width-initial elementor-widget elementor-widget-text-editor\" data-id=\"d816649\" data-element_type=\"widget\" data-e-type=\"widget\" data-widget_type=\"text-editor.default\">\n\t\t\t\t\t\t\t\t\t<p><strong>Ce qui nous diff\u00e9rencie :<\/strong><\/p>\n<ul type=\"disc\">\n<li><strong>Approche \u00e9cosyst\u00e8me unique :<\/strong> s\u00e9curit\u00e9 pens\u00e9e pour la cha\u00eene de valeur, pas seulement l\u2019entreprise<\/li>\n<li><strong>Ex\u00e9cution pragmatique :<\/strong> on traite d\u2019abord ce qui r\u00e9duit r\u00e9ellement le risque<\/li>\n<li><strong>Expertise technique bout\u2011en\u2011bout :<\/strong> IAM\/AD, r\u00e9seau, endpoints, cloud, SOC, conformit\u00e9<\/li>\n<li><strong>Orientation business :<\/strong> s\u00e9curit\u00e9 = levier de ventes, conformit\u00e9 = acc\u00e9l\u00e9rateur<\/li>\n<li><strong>Proximit\u00e9 &amp; accompagnement :<\/strong> int\u00e9gration, support, services manag\u00e9s, preuves pour vos clients<\/li>\n<\/ul>\n\t\t\t\t\t\t\t\t<\/div>\n\t\t\t\t<\/div>\n\t\t\t\t\t<\/div>\n\t\t\t\t<\/div>\n\t\t\t\t<\/div>\n\t\t","protected":false},"excerpt":{"rendered":"<p>Notre expertise &gt; Des PME aux Grandes Entreprises DES PME AUX GRANDES ENTREPRISES S\u00e9curisez votre organisation. Renforcez tout votre \u00e9cosyst\u00e8me. Dans une \u00e9conomie interconnect\u00e9e, la s\u00e9curit\u00e9 d\u2019un maillon impacte toute la cha\u00eene de valeur. Avec l\u2019expertise Cyber Revolve, prot\u00e9gez vos op\u00e9rations, gagnez en cr\u00e9dibilit\u00e9 et r\u00e9duisez vos risques \u2014 de la PME au grand groupe.<\/p>\n","protected":false},"author":1,"featured_media":0,"parent":13332,"menu_order":0,"comment_status":"closed","ping_status":"closed","template":"","meta":{"footnotes":""},"class_list":["post-13485","page","type-page","status-publish","hentry"],"yoast_head":"<!-- This site is optimized with the Yoast SEO plugin v27.2 - https:\/\/yoast.com\/product\/yoast-seo-wordpress\/ -->\n<title>DES PME AUX GRANDES ENTREPRISES - Cyber Revolve<\/title>\n<meta name=\"description\" content=\"We help organizations strengthen their security posture without adding complexity, through services designed around real priorities, optimized economic models, and governance that delivers measurable business outcomes.\" \/>\n<meta name=\"robots\" content=\"index, follow, max-snippet:-1, max-image-preview:large, max-video-preview:-1\" \/>\n<link rel=\"canonical\" href=\"https:\/\/cyber-revolve.dev.mirally.com\/our-expertise\/from-smbs-to-larges-corporations\/\" \/>\n<meta property=\"og:locale\" content=\"fr_FR\" \/>\n<meta property=\"og:type\" content=\"article\" \/>\n<meta property=\"og:title\" content=\"DES PME AUX GRANDES ENTREPRISES - Cyber Revolve\" \/>\n<meta property=\"og:description\" content=\"We help organizations strengthen their security posture without adding complexity, through services designed around real priorities, optimized economic models, and governance that delivers measurable business outcomes.\" \/>\n<meta property=\"og:url\" content=\"https:\/\/cyber-revolve.dev.mirally.com\/our-expertise\/from-smbs-to-larges-corporations\/\" \/>\n<meta property=\"og:site_name\" content=\"Cyber Revolve\" \/>\n<meta property=\"article:modified_time\" content=\"2026-04-20T10:57:04+00:00\" \/>\n<meta name=\"twitter:card\" content=\"summary_large_image\" \/>\n<meta name=\"twitter:label1\" content=\"Dur\u00e9e de lecture estim\u00e9e\" \/>\n\t<meta name=\"twitter:data1\" content=\"2 minutes\" \/>\n<script type=\"application\/ld+json\" class=\"yoast-schema-graph\">{\"@context\":\"https:\/\/schema.org\",\"@graph\":[{\"@type\":\"WebPage\",\"@id\":\"https:\/\/cyber-revolve.dev.mirally.com\/our-expertise\/from-smbs-to-larges-corporations\/\",\"url\":\"https:\/\/cyber-revolve.dev.mirally.com\/our-expertise\/from-smbs-to-larges-corporations\/\",\"name\":\"DES PME AUX GRANDES ENTREPRISES - Cyber Revolve\",\"isPartOf\":{\"@id\":\"https:\/\/cyber-revolve.dev.mirally.com\/#website\"},\"datePublished\":\"2026-03-16T10:38:57+00:00\",\"dateModified\":\"2026-04-20T10:57:04+00:00\",\"description\":\"We help organizations strengthen their security posture without adding complexity, through services designed around real priorities, optimized economic models, and governance that delivers measurable business outcomes.\",\"breadcrumb\":{\"@id\":\"https:\/\/cyber-revolve.dev.mirally.com\/our-expertise\/from-smbs-to-larges-corporations\/#breadcrumb\"},\"inLanguage\":\"fr-FR\",\"potentialAction\":[{\"@type\":\"ReadAction\",\"target\":[\"https:\/\/cyber-revolve.dev.mirally.com\/our-expertise\/from-smbs-to-larges-corporations\/\"]}]},{\"@type\":\"BreadcrumbList\",\"@id\":\"https:\/\/cyber-revolve.dev.mirally.com\/our-expertise\/from-smbs-to-larges-corporations\/#breadcrumb\",\"itemListElement\":[{\"@type\":\"ListItem\",\"position\":1,\"name\":\"Home\",\"item\":\"https:\/\/cyber-revolve.dev.mirally.com\/\"},{\"@type\":\"ListItem\",\"position\":2,\"name\":\"Notre expertise\",\"item\":\"https:\/\/cyber-revolve.dev.mirally.com\/our-expertise\/\"},{\"@type\":\"ListItem\",\"position\":3,\"name\":\"DES PME AUX GRANDES ENTREPRISES\"}]},{\"@type\":\"WebSite\",\"@id\":\"https:\/\/cyber-revolve.dev.mirally.com\/#website\",\"url\":\"https:\/\/cyber-revolve.dev.mirally.com\/\",\"name\":\"Cyber Revolve\",\"description\":\"\",\"publisher\":{\"@id\":\"https:\/\/cyber-revolve.dev.mirally.com\/#organization\"},\"potentialAction\":[{\"@type\":\"SearchAction\",\"target\":{\"@type\":\"EntryPoint\",\"urlTemplate\":\"https:\/\/cyber-revolve.dev.mirally.com\/?s={search_term_string}\"},\"query-input\":{\"@type\":\"PropertyValueSpecification\",\"valueRequired\":true,\"valueName\":\"search_term_string\"}}],\"inLanguage\":\"fr-FR\"},{\"@type\":\"Organization\",\"@id\":\"https:\/\/cyber-revolve.dev.mirally.com\/#organization\",\"name\":\"Cyber Revolve\",\"url\":\"https:\/\/cyber-revolve.dev.mirally.com\/\",\"logo\":{\"@type\":\"ImageObject\",\"inLanguage\":\"fr-FR\",\"@id\":\"https:\/\/cyber-revolve.dev.mirally.com\/#\/schema\/logo\/image\/\",\"url\":\"https:\/\/cyber-revolve.dev.mirally.com\/wp-content\/uploads\/2021\/08\/Cyber-Revolve-logo-web-1.png\",\"contentUrl\":\"https:\/\/cyber-revolve.dev.mirally.com\/wp-content\/uploads\/2021\/08\/Cyber-Revolve-logo-web-1.png\",\"width\":905,\"height\":240,\"caption\":\"Cyber Revolve\"},\"image\":{\"@id\":\"https:\/\/cyber-revolve.dev.mirally.com\/#\/schema\/logo\/image\/\"},\"sameAs\":[\"https:\/\/www.linkedin.com\/company\/cyber-revolve\/\"]}]}<\/script>\n<!-- \/ Yoast SEO plugin. -->","yoast_head_json":{"title":"DES PME AUX GRANDES ENTREPRISES - Cyber Revolve","description":"We help organizations strengthen their security posture without adding complexity, through services designed around real priorities, optimized economic models, and governance that delivers measurable business outcomes.","robots":{"index":"index","follow":"follow","max-snippet":"max-snippet:-1","max-image-preview":"max-image-preview:large","max-video-preview":"max-video-preview:-1"},"canonical":"https:\/\/cyber-revolve.dev.mirally.com\/our-expertise\/from-smbs-to-larges-corporations\/","og_locale":"fr_FR","og_type":"article","og_title":"DES PME AUX GRANDES ENTREPRISES - Cyber Revolve","og_description":"We help organizations strengthen their security posture without adding complexity, through services designed around real priorities, optimized economic models, and governance that delivers measurable business outcomes.","og_url":"https:\/\/cyber-revolve.dev.mirally.com\/our-expertise\/from-smbs-to-larges-corporations\/","og_site_name":"Cyber Revolve","article_modified_time":"2026-04-20T10:57:04+00:00","twitter_card":"summary_large_image","twitter_misc":{"Dur\u00e9e de lecture estim\u00e9e":"2 minutes"},"schema":{"@context":"https:\/\/schema.org","@graph":[{"@type":"WebPage","@id":"https:\/\/cyber-revolve.dev.mirally.com\/our-expertise\/from-smbs-to-larges-corporations\/","url":"https:\/\/cyber-revolve.dev.mirally.com\/our-expertise\/from-smbs-to-larges-corporations\/","name":"DES PME AUX GRANDES ENTREPRISES - Cyber Revolve","isPartOf":{"@id":"https:\/\/cyber-revolve.dev.mirally.com\/#website"},"datePublished":"2026-03-16T10:38:57+00:00","dateModified":"2026-04-20T10:57:04+00:00","description":"We help organizations strengthen their security posture without adding complexity, through services designed around real priorities, optimized economic models, and governance that delivers measurable business outcomes.","breadcrumb":{"@id":"https:\/\/cyber-revolve.dev.mirally.com\/our-expertise\/from-smbs-to-larges-corporations\/#breadcrumb"},"inLanguage":"fr-FR","potentialAction":[{"@type":"ReadAction","target":["https:\/\/cyber-revolve.dev.mirally.com\/our-expertise\/from-smbs-to-larges-corporations\/"]}]},{"@type":"BreadcrumbList","@id":"https:\/\/cyber-revolve.dev.mirally.com\/our-expertise\/from-smbs-to-larges-corporations\/#breadcrumb","itemListElement":[{"@type":"ListItem","position":1,"name":"Home","item":"https:\/\/cyber-revolve.dev.mirally.com\/"},{"@type":"ListItem","position":2,"name":"Notre expertise","item":"https:\/\/cyber-revolve.dev.mirally.com\/our-expertise\/"},{"@type":"ListItem","position":3,"name":"DES PME AUX GRANDES ENTREPRISES"}]},{"@type":"WebSite","@id":"https:\/\/cyber-revolve.dev.mirally.com\/#website","url":"https:\/\/cyber-revolve.dev.mirally.com\/","name":"Cyber Revolve","description":"","publisher":{"@id":"https:\/\/cyber-revolve.dev.mirally.com\/#organization"},"potentialAction":[{"@type":"SearchAction","target":{"@type":"EntryPoint","urlTemplate":"https:\/\/cyber-revolve.dev.mirally.com\/?s={search_term_string}"},"query-input":{"@type":"PropertyValueSpecification","valueRequired":true,"valueName":"search_term_string"}}],"inLanguage":"fr-FR"},{"@type":"Organization","@id":"https:\/\/cyber-revolve.dev.mirally.com\/#organization","name":"Cyber Revolve","url":"https:\/\/cyber-revolve.dev.mirally.com\/","logo":{"@type":"ImageObject","inLanguage":"fr-FR","@id":"https:\/\/cyber-revolve.dev.mirally.com\/#\/schema\/logo\/image\/","url":"https:\/\/cyber-revolve.dev.mirally.com\/wp-content\/uploads\/2021\/08\/Cyber-Revolve-logo-web-1.png","contentUrl":"https:\/\/cyber-revolve.dev.mirally.com\/wp-content\/uploads\/2021\/08\/Cyber-Revolve-logo-web-1.png","width":905,"height":240,"caption":"Cyber Revolve"},"image":{"@id":"https:\/\/cyber-revolve.dev.mirally.com\/#\/schema\/logo\/image\/"},"sameAs":["https:\/\/www.linkedin.com\/company\/cyber-revolve\/"]}]}},"_links":{"self":[{"href":"https:\/\/cyber-revolve.dev.mirally.com\/fr\/wp-json\/wp\/v2\/pages\/13485","targetHints":{"allow":["GET"]}}],"collection":[{"href":"https:\/\/cyber-revolve.dev.mirally.com\/fr\/wp-json\/wp\/v2\/pages"}],"about":[{"href":"https:\/\/cyber-revolve.dev.mirally.com\/fr\/wp-json\/wp\/v2\/types\/page"}],"author":[{"embeddable":true,"href":"https:\/\/cyber-revolve.dev.mirally.com\/fr\/wp-json\/wp\/v2\/users\/1"}],"replies":[{"embeddable":true,"href":"https:\/\/cyber-revolve.dev.mirally.com\/fr\/wp-json\/wp\/v2\/comments?post=13485"}],"version-history":[{"count":19,"href":"https:\/\/cyber-revolve.dev.mirally.com\/fr\/wp-json\/wp\/v2\/pages\/13485\/revisions"}],"predecessor-version":[{"id":13625,"href":"https:\/\/cyber-revolve.dev.mirally.com\/fr\/wp-json\/wp\/v2\/pages\/13485\/revisions\/13625"}],"up":[{"embeddable":true,"href":"https:\/\/cyber-revolve.dev.mirally.com\/fr\/wp-json\/wp\/v2\/pages\/13332"}],"wp:attachment":[{"href":"https:\/\/cyber-revolve.dev.mirally.com\/fr\/wp-json\/wp\/v2\/media?parent=13485"}],"curies":[{"name":"wp","href":"https:\/\/api.w.org\/{rel}","templated":true}]}}