{"id":13342,"date":"2026-02-27T16:24:13","date_gmt":"2026-02-27T16:24:13","guid":{"rendered":"https:\/\/cyber-revolve.dev.mirally.com\/?page_id=13342"},"modified":"2026-04-20T10:29:02","modified_gmt":"2026-04-20T10:29:02","slug":"vos-besoins","status":"publish","type":"page","link":"https:\/\/cyber-revolve.dev.mirally.com\/fr\/vos-besoins\/","title":{"rendered":"Vos besoins"},"content":{"rendered":"\t\t<div data-elementor-type=\"wp-page\" data-elementor-id=\"13342\" class=\"elementor elementor-13342\">\n\t\t\t\t<div class=\"elementor-element elementor-element-2768d807 e-flex e-con-boxed e-con e-parent\" data-id=\"2768d807\" data-element_type=\"container\" data-e-type=\"container\">\n\t\t\t\t\t<div class=\"e-con-inner\">\n\t\t\t\t<div class=\"elementor-element elementor-element-5abda9ba elementor-widget elementor-widget-heading\" data-id=\"5abda9ba\" data-element_type=\"widget\" data-e-type=\"widget\" data-widget_type=\"heading.default\">\n\t\t\t\t\t<h1 class=\"elementor-heading-title elementor-size-default\">Vos besoins<\/h1>\t\t\t\t<\/div>\n\t\t\t\t<div class=\"elementor-element elementor-element-2f662915 elementor-widget elementor-widget-text-editor\" data-id=\"2f662915\" data-element_type=\"widget\" data-e-type=\"widget\" data-widget_type=\"text-editor.default\">\n\t\t\t\t\t\t\t\t\t<h2 style=\"font-size: 20px; line-height: 28px; font-weight: bold; font-style: normal; letter-spacing: 0px; word-spacing: 0px; text-transform: none;\">Vos d\u00e9fis \u00e9voluent. Vos contraintes aussi.<\/h2>\n<p>Chez Cyber Revolve, nous savons que la cybers\u00e9curit\u00e9 ne se r\u00e9sume ni \u00e0 une question technique ni \u00e0 une exigence de conformit\u00e9. C\u2019est une affaire de confiance, de r\u00e9silience et de pilotage strat\u00e9gique du risque. Et surtout, c\u2019est une fonction qui doit \u00e9voluer dans un environnement sous pression : talents rares, budgets contraints, r\u00e9glementations exigeantes et attentes business toujours plus \u00e9lev\u00e9es.<\/p>\n<h2 style=\"font-size:14px; line-height:26px; font-weight:700; color:#e22632;\">Voici les situations r\u00e9elles dans lesquelles nos clients font appel \u00e0 nous.<\/h2>\n\t\t\t\t\t\t\t\t<\/div>\n\t\t\t\t\t<\/div>\n\t\t\t\t<\/div>\n\t\t<div class=\"elementor-element elementor-element-62403df e-flex e-con-boxed e-con e-parent\" data-id=\"62403df\" data-element_type=\"container\" data-e-type=\"container\">\n\t\t\t\t\t<div class=\"e-con-inner\">\n\t\t<div class=\"elementor-element elementor-element-5ac5792 e-con-full e-flex elementor-invisible e-con e-child\" data-id=\"5ac5792\" data-element_type=\"container\" data-e-type=\"container\" id=\"prevent\" data-settings=\"{&quot;background_background&quot;:&quot;classic&quot;,&quot;animation&quot;:&quot;slideInLeft&quot;}\">\n\t\t\t\t<div class=\"elementor-element elementor-element-94bbb6f elementor-widget elementor-widget-text-editor\" data-id=\"94bbb6f\" data-element_type=\"widget\" data-e-type=\"widget\" data-widget_type=\"text-editor.default\">\n\t\t\t\t\t\t\t\t\t<h3 style=\"font-size:20px; line-height:28px; font-weight:700; letter-spacing:0px; word-spacing:0px; text-transform:none;\">Vous avez besoin d&rsquo;une vision claire pour structurer votre strat\u00e9gie cyber.<\/h3>\n<ul>\n<li>Votre organisation est en pleine transformation (digitalisation, cloud, IA, fusions acquisitions).<\/li>\n<li>Vous construisez ou faites \u00e9voluer votre fonction s\u00e9curit\u00e9.<\/li>\n<li>Vous avez besoin d\u2019un diagnostic, d\u2019une feuille de route et d\u2019un mod\u00e8le op\u00e9rationnel TOM solide.<\/li>\n<li>Vous souhaitez un plan cybers\u00e9curit\u00e9 align\u00e9 sur vos priorit\u00e9s business et votre budget<\/li>\n<\/ul>\n<p><strong>Nous vous aidons \u00e0 d\u00e9finir une strat\u00e9gie r\u00e9aliste, prioris\u00e9e et coh\u00e9rente avec votre culture.<\/strong><\/p>\n\t\t\t\t\t\t\t\t<\/div>\n\t\t\t\t<\/div>\n\t\t<div class=\"elementor-element elementor-element-dc7ee9c e-con-full e-flex elementor-invisible e-con e-child\" data-id=\"dc7ee9c\" data-element_type=\"container\" data-e-type=\"container\" data-settings=\"{&quot;background_background&quot;:&quot;classic&quot;,&quot;animation&quot;:&quot;slideInRight&quot;}\">\n\t\t\t\t<div class=\"elementor-element elementor-element-c800c81 elementor-widget elementor-widget-text-editor\" data-id=\"c800c81\" data-element_type=\"widget\" data-e-type=\"widget\" data-widget_type=\"text-editor.default\">\n\t\t\t\t\t\t\t\t\t<h3 style=\"font-size:20px; line-height:28px; font-weight:700; letter-spacing:0px; word-spacing:0px; text-transform:none;\">Vous recherchez un partenaire fiable pour ex\u00e9cuter votre plan d\u2019action.<\/h3>\n<ul>\n<li>Vous disposez d\u2019une strat\u00e9gie mais vous manquez de ressources internes pour la d\u00e9ployer.<\/li>\n<li>Vous avez besoin d\u2019un interlocuteur exp\u00e9riment\u00e9 pour piloter l\u2019ex\u00e9cution et structurer vos projets.<\/li>\n<li>Vous souhaitez un soutien flexible et \u00e0 la demande, sans augmenter vos effectifs.<\/li>\n<\/ul>\n<p><strong>Nous garantissons une ex\u00e9cution rigoureuse gr\u00e2ce \u00e0 la structure, l\u2019expertise et l\u2019agilit\u00e9.<\/strong><\/p>\n\t\t\t\t\t\t\t\t<\/div>\n\t\t\t\t<\/div>\n\t\t\t\t\t<\/div>\n\t\t\t\t<\/div>\n\t\t<div class=\"elementor-element elementor-element-b7c1db5 e-flex e-con-boxed e-con e-parent\" data-id=\"b7c1db5\" data-element_type=\"container\" data-e-type=\"container\">\n\t\t\t\t\t<div class=\"e-con-inner\">\n\t\t<div class=\"elementor-element elementor-element-517f129 e-con-full e-flex elementor-invisible e-con e-child\" data-id=\"517f129\" data-element_type=\"container\" data-e-type=\"container\" data-settings=\"{&quot;background_background&quot;:&quot;classic&quot;,&quot;animation&quot;:&quot;slideInLeft&quot;}\">\n\t\t\t\t<div class=\"elementor-element elementor-element-05cad3c elementor-widget elementor-widget-text-editor\" data-id=\"05cad3c\" data-element_type=\"widget\" data-e-type=\"widget\" data-widget_type=\"text-editor.default\">\n\t\t\t\t\t\t\t\t\t<h3 style=\"font-size:20px; line-height:28px; font-weight:700; letter-spacing:0px; word-spacing:0px; text-transform:none;\">Vous souhaitez industrialiser ou externaliser des activit\u00e9s cl\u00e9s.<\/h3>\n<ul>\n<li>Votre SOC est inexistant, limit\u00e9 ou trop co\u00fbteux.<\/li>\n<li>Vos \u00e9quipes sont submerg\u00e9es par des vuln\u00e9rabilit\u00e9s non trait\u00e9es.<\/li>\n<li>Vous manquez de visibilit\u00e9 sur votre niveau r\u00e9el de protection.<\/li>\n<li>Vous devez am\u00e9liorer la couverture et optimiser vos co\u00fbts op\u00e9rationnels.<\/li>\n<\/ul>\n<p><strong>Nous op\u00e9rons pour vous, avec des \u00e9quipes qualifi\u00e9es et pleinement int\u00e9gr\u00e9es, et nous assurons une visibilit\u00e9 en temps r\u00e9el gr\u00e2ce \u00e0 des KPI align\u00e9s avec vos besoins business et de gouvernance.<\/strong><\/p>\n\t\t\t\t\t\t\t\t<\/div>\n\t\t\t\t<\/div>\n\t\t<div class=\"elementor-element elementor-element-ee0b88a e-con-full e-flex elementor-invisible e-con e-child\" data-id=\"ee0b88a\" data-element_type=\"container\" data-e-type=\"container\" data-settings=\"{&quot;background_background&quot;:&quot;classic&quot;,&quot;animation&quot;:&quot;slideInRight&quot;}\">\n\t\t\t\t<div class=\"elementor-element elementor-element-482e550 elementor-widget elementor-widget-text-editor\" data-id=\"482e550\" data-element_type=\"widget\" data-e-type=\"widget\" data-widget_type=\"text-editor.default\">\n\t\t\t\t\t\t\t\t\t<h3 style=\"font-size:20px; line-height:28px; font-weight:700; letter-spacing:0px; word-spacing:0px; text-transform:none;\">Vous souhaitez renforcer la culture s\u00e9curit\u00e9 de vos \u00e9quipes.<\/h3>\n<ul>\n<li>Les utilisateurs ne sont pas toujours conscients des risques cyber.<\/li>\n<li>Les managers et d\u00e9veloppeurs n\u2019appliquent pas encore syst\u00e9matiquement les bonnes pratiques.<\/li>\n<li>Vous voulez faire \u00e9voluer les comportements sans imposer une approche trop technique.<\/li>\n<\/ul>\n<p><strong>Nous vous aidons \u00e0 former, engager et responsabiliser vos \u00e9quipes \u00e0 tous les niveaux.<\/strong><\/p>\n\t\t\t\t\t\t\t\t<\/div>\n\t\t\t\t<\/div>\n\t\t\t\t\t<\/div>\n\t\t\t\t<\/div>\n\t\t<div class=\"elementor-element elementor-element-810f7a0 e-flex e-con-boxed e-con e-parent\" data-id=\"810f7a0\" data-element_type=\"container\" data-e-type=\"container\">\n\t\t\t\t\t<div class=\"e-con-inner\">\n\t\t<div class=\"elementor-element elementor-element-68b2578 e-con-full e-flex elementor-invisible e-con e-child\" data-id=\"68b2578\" data-element_type=\"container\" data-e-type=\"container\" id=\"recover\" data-settings=\"{&quot;background_background&quot;:&quot;classic&quot;,&quot;animation&quot;:&quot;slideInLeft&quot;}\">\n\t\t\t\t<div class=\"elementor-element elementor-element-d948b26 elementor-widget elementor-widget-text-editor\" data-id=\"d948b26\" data-element_type=\"widget\" data-e-type=\"widget\" data-widget_type=\"text-editor.default\">\n\t\t\t\t\t\t\t\t\t<h3 style=\"font-size:20px; line-height:28px; font-weight:700; letter-spacing:0px; word-spacing:0px; text-transform:none;\">Vous faites face \u00e0 un incident ou souhaitez \u00eatre pr\u00eat.<\/h3>\n<ul>\n<li>Vous avez subi une cyberattaque (ransomware, fuite de donn\u00e9es, DDoS, etc.).<\/li>\n<li>Vous devez coordonner la r\u00e9ponse, g\u00e9rer la communication ou \u00e9changer avec les attaquants.<\/li>\n<li>Vous \u00eates sollicit\u00e9 par des autorit\u00e9s, des clients, des partenaires ou des assureurs.<\/li>\n<li>Vous avez besoin d\u2019un soutien expert, discret et imm\u00e9diat.<\/li>\n<\/ul>\n<p><strong>Nous intervenons sans d\u00e9lai pour contenir l\u2019impact, reprendre le contr\u00f4le et piloter la situation.<\/strong><\/p>\n\t\t\t\t\t\t\t\t<\/div>\n\t\t\t\t<\/div>\n\t\t<div class=\"elementor-element elementor-element-732b138 e-con-full e-flex elementor-invisible e-con e-child\" data-id=\"732b138\" data-element_type=\"container\" data-e-type=\"container\" data-settings=\"{&quot;background_background&quot;:&quot;classic&quot;,&quot;animation&quot;:&quot;slideInRight&quot;}\">\n\t\t\t\t<div class=\"elementor-element elementor-element-1ffd216 elementor-widget elementor-widget-text-editor\" data-id=\"1ffd216\" data-element_type=\"widget\" data-e-type=\"widget\" data-widget_type=\"text-editor.default\">\n\t\t\t\t\t\t\t\t\t<h3 style=\"font-size:20px; line-height:28px; font-weight:700; letter-spacing:0px; word-spacing:0px; text-transform:none;\">Vous devez rassurer vos partenaires, clients ou assureurs.<\/h3>\n<ul>\n<li>Ils demandent d\u00e9sormais des garanties : audits, certifications ou questionnaires de s\u00e9curit\u00e9, tandis que les assureurs durcissent leurs conditions.<\/li>\n<li>Vous avez besoin d\u2019un appui technique et strat\u00e9gique pour vous pr\u00e9parer, n\u00e9gocier ou d\u00e9montrer votre maturit\u00e9.<\/li>\n<\/ul>\n<p><strong>Nous vous aidons \u00e0 r\u00e9pondre efficacement, rassurer vos interlocuteurs et obtenir des conditions \u00e9quitables.<\/strong><\/p>\n\t\t\t\t\t\t\t\t<\/div>\n\t\t\t\t<\/div>\n\t\t\t\t\t<\/div>\n\t\t\t\t<\/div>\n\t\t<div class=\"elementor-element elementor-element-ab04d8f e-flex e-con-boxed e-con e-parent\" data-id=\"ab04d8f\" data-element_type=\"container\" data-e-type=\"container\">\n\t\t\t\t\t<div class=\"e-con-inner\">\n\t\t<div class=\"elementor-element elementor-element-9dc5202 e-con-full e-flex elementor-invisible e-con e-child\" data-id=\"9dc5202\" data-element_type=\"container\" data-e-type=\"container\" data-settings=\"{&quot;background_background&quot;:&quot;classic&quot;,&quot;animation&quot;:&quot;slideInLeft&quot;}\">\n\t\t\t\t<div class=\"elementor-element elementor-element-232a162 elementor-widget elementor-widget-text-editor\" data-id=\"232a162\" data-element_type=\"widget\" data-e-type=\"widget\" data-widget_type=\"text-editor.default\">\n\t\t\t\t\t\t\t\t\t<h3 style=\"font-size:20px; line-height:28px; font-weight:700; letter-spacing:0px; word-spacing:0px; text-transform:none;\">Vous souhaitez renforcer votre r\u00e9silience et votre capacit\u00e9 de reprise.<\/h3>\n<ul>\n<li>Vous craignez un arr\u00eat de production, une perte de donn\u00e9es ou un blocage majeur.<\/li>\n<li>Vos plans BCP\/DRP sont absents, obsol\u00e8tes ou non test\u00e9s.<\/li>\n<li>Vous voulez une strat\u00e9gie de reprise robuste, align\u00e9e avec les r\u00e9alit\u00e9s business.<\/li>\n<\/ul>\n<p><strong>Nous construisons ensemble des sc\u00e9narios concrets, actionnables et r\u00e9guli\u00e8rement test\u00e9s.<\/strong><\/p>\n\t\t\t\t\t\t\t\t<\/div>\n\t\t\t\t<\/div>\n\t\t<div class=\"elementor-element elementor-element-9bdd8d9 e-con-full e-flex elementor-invisible e-con e-child\" data-id=\"9bdd8d9\" data-element_type=\"container\" data-e-type=\"container\" data-settings=\"{&quot;background_background&quot;:&quot;classic&quot;,&quot;animation&quot;:&quot;slideInRight&quot;}\">\n\t\t\t\t<div class=\"elementor-element elementor-element-bc79324 elementor-widget elementor-widget-text-editor\" data-id=\"bc79324\" data-element_type=\"widget\" data-e-type=\"widget\" data-widget_type=\"text-editor.default\">\n\t\t\t\t\t\t\t\t\t<h3 style=\"font-size:20px; line-height:28px; font-weight:700; letter-spacing:0px; word-spacing:0px; text-transform:none;\">Vous utilisez l\u2019IA mais ne savez pas encore comment la s\u00e9curiser.<\/h3>\n<ul>\n<li>Vos \u00e9quipes m\u00e9tier ou techniques testent des mod\u00e8les internes ou externes.<\/li>\n<li>Vous avez des doutes sur les risques de fuite de donn\u00e9es, de poisoning ou d\u2019usage malveillant.<\/li>\n<li>Votre gouvernance et vos bonnes pratiques ne sont pas encore en place.<\/li>\n<\/ul>\n<p><strong>Nous s\u00e9curisons vos usages IA sans ralentir l\u2019innovation.<\/strong><\/p>\n\t\t\t\t\t\t\t\t<\/div>\n\t\t\t\t<\/div>\n\t\t\t\t\t<\/div>\n\t\t\t\t<\/div>\n\t\t<div class=\"elementor-element elementor-element-6caefbb e-flex e-con-boxed e-con e-parent\" data-id=\"6caefbb\" data-element_type=\"container\" data-e-type=\"container\">\n\t\t\t\t\t<div class=\"e-con-inner\">\n\t\t<div class=\"elementor-element elementor-element-7ca9731 e-con-full e-flex e-con e-child\" data-id=\"7ca9731\" data-element_type=\"container\" data-e-type=\"container\" data-settings=\"{&quot;background_background&quot;:&quot;classic&quot;}\">\n\t\t<div class=\"elementor-element elementor-element-01e251d e-con-full e-flex e-con e-child\" data-id=\"01e251d\" data-element_type=\"container\" data-e-type=\"container\">\n\t\t\t\t<div class=\"elementor-element elementor-element-c302b9b elementor-widget__width-initial elementor-widget elementor-widget-text-editor\" data-id=\"c302b9b\" data-element_type=\"widget\" data-e-type=\"widget\" data-widget_type=\"text-editor.default\">\n\t\t\t\t\t\t\t\t\t<p class=\"p1\">Plusieurs situations au sein de votre organisation peuvent n\u00e9cessiter un accompagnement. Contactez-nous pour \u00e9changer et identifier les services les mieux adapt\u00e9s \u00e0 vos besoins.<\/p>\n\t\t\t\t\t\t\t\t<\/div>\n\t\t\t\t<div class=\"elementor-element elementor-element-010d643 elementor-widget elementor-widget-button\" data-id=\"010d643\" data-element_type=\"widget\" data-e-type=\"widget\" data-widget_type=\"button.default\">\n\t\t\t\t\t\t\t\t\t\t<a class=\"elementor-button elementor-button-link elementor-size-sm\" href=\"https:\/\/cyber-revolve.dev.mirally.com\/fr\/contactez-nous\/\">\n\t\t\t\t\t\t<span class=\"elementor-button-content-wrapper\">\n\t\t\t\t\t\t\t\t\t<span class=\"elementor-button-text\">Contactez-nous<\/span>\n\t\t\t\t\t<\/span>\n\t\t\t\t\t<\/a>\n\t\t\t\t\t\t\t\t<\/div>\n\t\t\t\t<\/div>\n\t\t\t\t<\/div>\n\t\t\t\t\t<\/div>\n\t\t\t\t<\/div>\n\t\t\t\t<\/div>\n\t\t","protected":false},"excerpt":{"rendered":"<p>Vos besoins Vos d\u00e9fis \u00e9voluent. Vos contraintes aussi. Chez Cyber Revolve, nous savons que la cybers\u00e9curit\u00e9 ne se r\u00e9sume ni \u00e0 une question technique ni \u00e0 une exigence de conformit\u00e9. C\u2019est une affaire de confiance, de r\u00e9silience et de pilotage strat\u00e9gique du risque. Et surtout, c\u2019est une fonction qui doit \u00e9voluer dans un environnement sous<\/p>\n","protected":false},"author":1,"featured_media":0,"parent":0,"menu_order":0,"comment_status":"closed","ping_status":"closed","template":"","meta":{"footnotes":""},"class_list":["post-13342","page","type-page","status-publish","hentry"],"yoast_head":"<!-- This site is optimized with the Yoast SEO plugin v27.2 - https:\/\/yoast.com\/product\/yoast-seo-wordpress\/ -->\n<title>Solutions en Cybers\u00e9curit\u00e9 pour Vos Besoins - Cyber Revolve<\/title>\n<meta name=\"description\" content=\"Nous accompagnons les organisations dans leurs d\u00e9fis cyber avec des strat\u00e9gies claires et un accompagnement expert adapt\u00e9 \u00e0 leurs besoins.\" \/>\n<meta name=\"robots\" content=\"index, follow, max-snippet:-1, max-image-preview:large, max-video-preview:-1\" \/>\n<link rel=\"canonical\" href=\"https:\/\/cyber-revolve.dev.mirally.com\/your-needs\/\" \/>\n<meta property=\"og:locale\" content=\"fr_FR\" \/>\n<meta property=\"og:type\" content=\"article\" \/>\n<meta property=\"og:title\" content=\"Solutions en Cybers\u00e9curit\u00e9 pour Vos Besoins - Cyber Revolve\" \/>\n<meta property=\"og:description\" content=\"Nous accompagnons les organisations dans leurs d\u00e9fis cyber avec des strat\u00e9gies claires et un accompagnement expert adapt\u00e9 \u00e0 leurs besoins.\" \/>\n<meta property=\"og:url\" content=\"https:\/\/cyber-revolve.dev.mirally.com\/your-needs\/\" \/>\n<meta property=\"og:site_name\" content=\"Cyber Revolve\" \/>\n<meta property=\"article:modified_time\" content=\"2026-04-20T10:29:02+00:00\" \/>\n<meta name=\"twitter:card\" content=\"summary_large_image\" \/>\n<meta name=\"twitter:label1\" content=\"Dur\u00e9e de lecture estim\u00e9e\" \/>\n\t<meta name=\"twitter:data1\" content=\"4 minutes\" \/>\n<script type=\"application\/ld+json\" class=\"yoast-schema-graph\">{\"@context\":\"https:\/\/schema.org\",\"@graph\":[{\"@type\":\"WebPage\",\"@id\":\"https:\/\/cyber-revolve.dev.mirally.com\/your-needs\/\",\"url\":\"https:\/\/cyber-revolve.dev.mirally.com\/your-needs\/\",\"name\":\"Solutions en Cybers\u00e9curit\u00e9 pour Vos Besoins - Cyber Revolve\",\"isPartOf\":{\"@id\":\"https:\/\/cyber-revolve.dev.mirally.com\/#website\"},\"datePublished\":\"2026-02-27T16:24:13+00:00\",\"dateModified\":\"2026-04-20T10:29:02+00:00\",\"description\":\"Nous accompagnons les organisations dans leurs d\u00e9fis cyber avec des strat\u00e9gies claires et un accompagnement expert adapt\u00e9 \u00e0 leurs besoins.\",\"breadcrumb\":{\"@id\":\"https:\/\/cyber-revolve.dev.mirally.com\/your-needs\/#breadcrumb\"},\"inLanguage\":\"fr-FR\",\"potentialAction\":[{\"@type\":\"ReadAction\",\"target\":[\"https:\/\/cyber-revolve.dev.mirally.com\/your-needs\/\"]}]},{\"@type\":\"BreadcrumbList\",\"@id\":\"https:\/\/cyber-revolve.dev.mirally.com\/your-needs\/#breadcrumb\",\"itemListElement\":[{\"@type\":\"ListItem\",\"position\":1,\"name\":\"Home\",\"item\":\"https:\/\/cyber-revolve.dev.mirally.com\/\"},{\"@type\":\"ListItem\",\"position\":2,\"name\":\"Vos besoins\"}]},{\"@type\":\"WebSite\",\"@id\":\"https:\/\/cyber-revolve.dev.mirally.com\/#website\",\"url\":\"https:\/\/cyber-revolve.dev.mirally.com\/\",\"name\":\"Cyber Revolve\",\"description\":\"\",\"publisher\":{\"@id\":\"https:\/\/cyber-revolve.dev.mirally.com\/#organization\"},\"potentialAction\":[{\"@type\":\"SearchAction\",\"target\":{\"@type\":\"EntryPoint\",\"urlTemplate\":\"https:\/\/cyber-revolve.dev.mirally.com\/?s={search_term_string}\"},\"query-input\":{\"@type\":\"PropertyValueSpecification\",\"valueRequired\":true,\"valueName\":\"search_term_string\"}}],\"inLanguage\":\"fr-FR\"},{\"@type\":\"Organization\",\"@id\":\"https:\/\/cyber-revolve.dev.mirally.com\/#organization\",\"name\":\"Cyber Revolve\",\"url\":\"https:\/\/cyber-revolve.dev.mirally.com\/\",\"logo\":{\"@type\":\"ImageObject\",\"inLanguage\":\"fr-FR\",\"@id\":\"https:\/\/cyber-revolve.dev.mirally.com\/#\/schema\/logo\/image\/\",\"url\":\"https:\/\/cyber-revolve.dev.mirally.com\/wp-content\/uploads\/2021\/08\/Cyber-Revolve-logo-web-1.png\",\"contentUrl\":\"https:\/\/cyber-revolve.dev.mirally.com\/wp-content\/uploads\/2021\/08\/Cyber-Revolve-logo-web-1.png\",\"width\":905,\"height\":240,\"caption\":\"Cyber Revolve\"},\"image\":{\"@id\":\"https:\/\/cyber-revolve.dev.mirally.com\/#\/schema\/logo\/image\/\"},\"sameAs\":[\"https:\/\/www.linkedin.com\/company\/cyber-revolve\/\"]}]}<\/script>\n<!-- \/ Yoast SEO plugin. -->","yoast_head_json":{"title":"Solutions en Cybers\u00e9curit\u00e9 pour Vos Besoins - Cyber Revolve","description":"Nous accompagnons les organisations dans leurs d\u00e9fis cyber avec des strat\u00e9gies claires et un accompagnement expert adapt\u00e9 \u00e0 leurs besoins.","robots":{"index":"index","follow":"follow","max-snippet":"max-snippet:-1","max-image-preview":"max-image-preview:large","max-video-preview":"max-video-preview:-1"},"canonical":"https:\/\/cyber-revolve.dev.mirally.com\/your-needs\/","og_locale":"fr_FR","og_type":"article","og_title":"Solutions en Cybers\u00e9curit\u00e9 pour Vos Besoins - Cyber Revolve","og_description":"Nous accompagnons les organisations dans leurs d\u00e9fis cyber avec des strat\u00e9gies claires et un accompagnement expert adapt\u00e9 \u00e0 leurs besoins.","og_url":"https:\/\/cyber-revolve.dev.mirally.com\/your-needs\/","og_site_name":"Cyber Revolve","article_modified_time":"2026-04-20T10:29:02+00:00","twitter_card":"summary_large_image","twitter_misc":{"Dur\u00e9e de lecture estim\u00e9e":"4 minutes"},"schema":{"@context":"https:\/\/schema.org","@graph":[{"@type":"WebPage","@id":"https:\/\/cyber-revolve.dev.mirally.com\/your-needs\/","url":"https:\/\/cyber-revolve.dev.mirally.com\/your-needs\/","name":"Solutions en Cybers\u00e9curit\u00e9 pour Vos Besoins - Cyber Revolve","isPartOf":{"@id":"https:\/\/cyber-revolve.dev.mirally.com\/#website"},"datePublished":"2026-02-27T16:24:13+00:00","dateModified":"2026-04-20T10:29:02+00:00","description":"Nous accompagnons les organisations dans leurs d\u00e9fis cyber avec des strat\u00e9gies claires et un accompagnement expert adapt\u00e9 \u00e0 leurs besoins.","breadcrumb":{"@id":"https:\/\/cyber-revolve.dev.mirally.com\/your-needs\/#breadcrumb"},"inLanguage":"fr-FR","potentialAction":[{"@type":"ReadAction","target":["https:\/\/cyber-revolve.dev.mirally.com\/your-needs\/"]}]},{"@type":"BreadcrumbList","@id":"https:\/\/cyber-revolve.dev.mirally.com\/your-needs\/#breadcrumb","itemListElement":[{"@type":"ListItem","position":1,"name":"Home","item":"https:\/\/cyber-revolve.dev.mirally.com\/"},{"@type":"ListItem","position":2,"name":"Vos besoins"}]},{"@type":"WebSite","@id":"https:\/\/cyber-revolve.dev.mirally.com\/#website","url":"https:\/\/cyber-revolve.dev.mirally.com\/","name":"Cyber Revolve","description":"","publisher":{"@id":"https:\/\/cyber-revolve.dev.mirally.com\/#organization"},"potentialAction":[{"@type":"SearchAction","target":{"@type":"EntryPoint","urlTemplate":"https:\/\/cyber-revolve.dev.mirally.com\/?s={search_term_string}"},"query-input":{"@type":"PropertyValueSpecification","valueRequired":true,"valueName":"search_term_string"}}],"inLanguage":"fr-FR"},{"@type":"Organization","@id":"https:\/\/cyber-revolve.dev.mirally.com\/#organization","name":"Cyber Revolve","url":"https:\/\/cyber-revolve.dev.mirally.com\/","logo":{"@type":"ImageObject","inLanguage":"fr-FR","@id":"https:\/\/cyber-revolve.dev.mirally.com\/#\/schema\/logo\/image\/","url":"https:\/\/cyber-revolve.dev.mirally.com\/wp-content\/uploads\/2021\/08\/Cyber-Revolve-logo-web-1.png","contentUrl":"https:\/\/cyber-revolve.dev.mirally.com\/wp-content\/uploads\/2021\/08\/Cyber-Revolve-logo-web-1.png","width":905,"height":240,"caption":"Cyber Revolve"},"image":{"@id":"https:\/\/cyber-revolve.dev.mirally.com\/#\/schema\/logo\/image\/"},"sameAs":["https:\/\/www.linkedin.com\/company\/cyber-revolve\/"]}]}},"_links":{"self":[{"href":"https:\/\/cyber-revolve.dev.mirally.com\/fr\/wp-json\/wp\/v2\/pages\/13342","targetHints":{"allow":["GET"]}}],"collection":[{"href":"https:\/\/cyber-revolve.dev.mirally.com\/fr\/wp-json\/wp\/v2\/pages"}],"about":[{"href":"https:\/\/cyber-revolve.dev.mirally.com\/fr\/wp-json\/wp\/v2\/types\/page"}],"author":[{"embeddable":true,"href":"https:\/\/cyber-revolve.dev.mirally.com\/fr\/wp-json\/wp\/v2\/users\/1"}],"replies":[{"embeddable":true,"href":"https:\/\/cyber-revolve.dev.mirally.com\/fr\/wp-json\/wp\/v2\/comments?post=13342"}],"version-history":[{"count":5,"href":"https:\/\/cyber-revolve.dev.mirally.com\/fr\/wp-json\/wp\/v2\/pages\/13342\/revisions"}],"predecessor-version":[{"id":13604,"href":"https:\/\/cyber-revolve.dev.mirally.com\/fr\/wp-json\/wp\/v2\/pages\/13342\/revisions\/13604"}],"wp:attachment":[{"href":"https:\/\/cyber-revolve.dev.mirally.com\/fr\/wp-json\/wp\/v2\/media?parent=13342"}],"curies":[{"name":"wp","href":"https:\/\/api.w.org\/{rel}","templated":true}]}}