{"id":13334,"date":"2026-02-27T16:23:14","date_gmt":"2026-02-27T16:23:14","guid":{"rendered":"https:\/\/cyber-revolve.dev.mirally.com\/?page_id=13334"},"modified":"2026-04-20T11:05:17","modified_gmt":"2026-04-20T11:05:17","slug":"culture-organisations-transformation","status":"publish","type":"page","link":"https:\/\/cyber-revolve.dev.mirally.com\/fr\/notre-expertise\/culture-organisations-transformation\/","title":{"rendered":"Culture, Organisations &#038; Transformation"},"content":{"rendered":"\t\t<div data-elementor-type=\"wp-page\" data-elementor-id=\"13334\" class=\"elementor elementor-13334\">\n\t\t\t\t<div class=\"elementor-element elementor-element-4049ce2f e-flex e-con-boxed e-con e-parent\" data-id=\"4049ce2f\" data-element_type=\"container\" data-e-type=\"container\">\n\t\t\t\t\t<div class=\"e-con-inner\">\n\t\t\t\t<div class=\"elementor-element elementor-element-5d2693e7 elementor-widget elementor-widget-heading\" data-id=\"5d2693e7\" data-element_type=\"widget\" data-e-type=\"widget\" data-widget_type=\"heading.default\">\n\t\t\t\t\t<p class=\"elementor-heading-title elementor-size-default\"><a href=\"https:\/\/cyber-revolve.dev.mirally.com\/fr\/notre-expertise\/\">Notre expertise<\/a> &gt;<br> <a href=\"https:\/\/cyber-revolve.dev.mirally.com\/fr\/notre-expertise\/culture-organisations-transformation\/\">Culture, Organisations &amp; Transformation<\/a><\/p>\t\t\t\t<\/div>\n\t\t\t\t<div class=\"elementor-element elementor-element-a602d42 elementor-widget elementor-widget-heading\" data-id=\"a602d42\" data-element_type=\"widget\" data-e-type=\"widget\" data-widget_type=\"heading.default\">\n\t\t\t\t\t<h1 class=\"elementor-heading-title elementor-size-default\">Culture, Organisations &amp; Transformation<\/h1>\t\t\t\t<\/div>\n\t\t\t\t<div class=\"elementor-element elementor-element-728389de elementor-widget elementor-widget-text-editor\" data-id=\"728389de\" data-element_type=\"widget\" data-e-type=\"widget\" data-widget_type=\"text-editor.default\">\n\t\t\t\t\t\t\t\t\t<p class=\"p1\">Nous aidons les organisations \u00e0 ancrer la cybers\u00e9curit\u00e9 dans leur culture, en impulsant une transformation profonde gr\u00e2ce \u00e0 la sensibilisation, au d\u00e9veloppement des comp\u00e9tences et \u00e0 la mobilisation des dirigeants.<\/p>\n\t\t\t\t\t\t\t\t<\/div>\n\t\t\t\t<div class=\"elementor-element elementor-element-2948ade elementor-widget-divider--view-line elementor-widget elementor-widget-divider\" data-id=\"2948ade\" data-element_type=\"widget\" data-e-type=\"widget\" data-widget_type=\"divider.default\">\n\t\t\t\t\t\t\t<div class=\"elementor-divider\">\n\t\t\t<span class=\"elementor-divider-separator\">\n\t\t\t\t\t\t<\/span>\n\t\t<\/div>\n\t\t\t\t\t\t<\/div>\n\t\t\t\t\t<\/div>\n\t\t\t\t<\/div>\n\t\t\t\t<section class=\"elementor-section elementor-top-section elementor-element elementor-element-6768e2f elementor-section-boxed elementor-section-height-default elementor-section-height-default\" data-id=\"6768e2f\" data-element_type=\"section\" data-e-type=\"section\">\n\t\t\t\t\t\t<div class=\"elementor-container elementor-column-gap-default\">\n\t\t\t\t\t<div class=\"elementor-column elementor-col-50 elementor-top-column elementor-element elementor-element-2fcaeb6 elementor-invisible\" data-id=\"2fcaeb6\" data-element_type=\"column\" data-e-type=\"column\" id=\"culture-01\" data-settings=\"{&quot;animation&quot;:&quot;fadeInUp&quot;}\">\n\t\t\t<div class=\"elementor-widget-wrap elementor-element-populated\">\n\t\t\t\t\t\t<div class=\"elementor-element elementor-element-b17b62a elementor-view-default elementor-position-block-start elementor-mobile-position-block-start elementor-widget elementor-widget-icon-box\" data-id=\"b17b62a\" data-element_type=\"widget\" data-e-type=\"widget\" data-widget_type=\"icon-box.default\">\n\t\t\t\t\t\t\t<div class=\"elementor-icon-box-wrapper\">\n\n\t\t\t\t\t\t<div class=\"elementor-icon-box-icon\">\n\t\t\t\t<span  class=\"elementor-icon\">\n\t\t\t\t<i aria-hidden=\"true\" class=\" stm-delhi-staff\"><\/i>\t\t\t\t<\/span>\n\t\t\t<\/div>\n\t\t\t\n\t\t\t\t\t\t<div class=\"elementor-icon-box-content\">\n\n\t\t\t\t\t\t\t\t\t<h2 class=\"elementor-icon-box-title\">\n\t\t\t\t\t\t<span  >\n\t\t\t\t\t\t\tAccompagnement du changement\t\t\t\t\t\t<\/span>\n\t\t\t\t\t<\/h2>\n\t\t\t\t\n\t\t\t\t\n\t\t\t<\/div>\n\t\t\t\n\t\t<\/div>\n\t\t\t\t\t\t<\/div>\n\t\t\t\t<div class=\"elementor-element elementor-element-4036c0d elementor-widget elementor-widget-text-editor\" data-id=\"4036c0d\" data-element_type=\"widget\" data-e-type=\"widget\" data-widget_type=\"text-editor.default\">\n\t\t\t\t\t\t\t\t\t<p>Int\u00e9grer le cyber dans la culture pour transformer durablement les pratiques. Nous accompagnons les organisations dans les dimensions humaines et culturelles du changement cyber, en alignant les personnes, les processus et le leadership avec de nouvelles fa\u00e7ons de travailler.<\/p>\n<ul>\n<li class=\"p1\">\n<p>Gestion du changement (adoption &amp; communication) : planifier les parcours des parties prenantes, les messages et les leviers d\u2019adoption \u00e0 travers les diff\u00e9rentes entit\u00e9s.<\/p>\n<\/li>\n<li class=\"p1\">\n<p>Programmes de sensibilisation multilingues : concevoir des campagnes localis\u00e9es et des modules e-learning avec des impacts comportementaux mesurables.<\/p>\n<\/li>\n<li class=\"p1\">\n<p>Formations dirigeants \/ Comit\u00e9s ex\u00e9cutifs (30\u201390 min) : fournir des sessions cibl\u00e9es et concises sur la gouvernance, le risque et la gestion de crise.<\/p>\n<\/li>\n<li class=\"p1\">\n<p>Formations techniques : d\u00e9velopper les comp\u00e9tences des \u00e9quipes SecOps\/IAM\/CloudSec\/CRISIS via des labs, exercices et certifications.<\/p>\n<\/li>\n<li class=\"p1\">\n<p>Kits de communication : fournir des messages pr\u00eats \u00e0 l\u2019emploi, des FAQ et des supports pour filiales afin d\u2019assurer un d\u00e9ploiement homog\u00e8ne.<\/p>\n<\/li>\n<\/ul>\n\t\t\t\t\t\t\t\t<\/div>\n\t\t\t\t<div class=\"elementor-element elementor-element-061e2f9 elementor-widget elementor-widget-text-editor\" data-id=\"061e2f9\" data-element_type=\"widget\" data-e-type=\"widget\" data-widget_type=\"text-editor.default\">\n\t\t\t\t\t\t\t\t\t<p>Ancrer le cyber dans l\u2019ADN organisationnel gr\u00e2ce \u00e0 la communication, au sponsoring et \u00e0 l\u2019autonomisation des \u00e9quipes.<\/p>\n\t\t\t\t\t\t\t\t<\/div>\n\t\t\t\t\t<\/div>\n\t\t<\/div>\n\t\t\t\t<div class=\"elementor-column elementor-col-50 elementor-top-column elementor-element elementor-element-d1fe04e elementor-invisible\" data-id=\"d1fe04e\" data-element_type=\"column\" data-e-type=\"column\" id=\"culture-02\" data-settings=\"{&quot;background_background&quot;:&quot;classic&quot;,&quot;animation&quot;:&quot;fadeInUp&quot;,&quot;animation_delay&quot;:200}\">\n\t\t\t<div class=\"elementor-widget-wrap elementor-element-populated\">\n\t\t\t\t\t\t<div class=\"elementor-element elementor-element-4d83002 elementor-view-default elementor-position-block-start elementor-mobile-position-block-start elementor-widget elementor-widget-icon-box\" data-id=\"4d83002\" data-element_type=\"widget\" data-e-type=\"widget\" data-widget_type=\"icon-box.default\">\n\t\t\t\t\t\t\t<div class=\"elementor-icon-box-wrapper\">\n\n\t\t\t\t\t\t<div class=\"elementor-icon-box-icon\">\n\t\t\t\t<span  class=\"elementor-icon\">\n\t\t\t\t<i aria-hidden=\"true\" class=\" stm-ankara-search\"><\/i>\t\t\t\t<\/span>\n\t\t\t<\/div>\n\t\t\t\n\t\t\t\t\t\t<div class=\"elementor-icon-box-content\">\n\n\t\t\t\t\t\t\t\t\t<h2 class=\"elementor-icon-box-title\">\n\t\t\t\t\t\t<span  >\n\t\t\t\t\t\t\tSensibilisation\t\t\t\t\t\t<\/span>\n\t\t\t\t\t<\/h2>\n\t\t\t\t\n\t\t\t\t\n\t\t\t<\/div>\n\t\t\t\n\t\t<\/div>\n\t\t\t\t\t\t<\/div>\n\t\t\t\t<div class=\"elementor-element elementor-element-a61c427 elementor-widget elementor-widget-text-editor\" data-id=\"a61c427\" data-element_type=\"widget\" data-e-type=\"widget\" data-widget_type=\"text-editor.default\">\n\t\t\t\t\t\t\t\t\t<p>Construire un \u00e9tat d\u2019esprit cyber-r\u00e9silient. Cr\u00e9er des programmes de sensibilisation qui font de la cybers\u00e9curit\u00e9 l\u2019affaire de tous.<\/p>\n<p>Nous concevons des campagnes percutantes pour engager les collaborateurs, les dirigeants et les partenaires, transformant la s\u00e9curit\u00e9 d\u2019un simple sujet de conformit\u00e9 en un r\u00e9flexe quotidien.<\/p>\n<ul>\n<li>Strat\u00e9gie de sensibilisation : d\u00e9finir la vision, les objectifs et les personas cibles.<\/li>\n<li>Campagnes multicanales : combiner contenu digital, pr\u00e9sentiel et gamifi\u00e9 (vid\u00e9os, challenges, newsletters).<\/li>\n<li>Messages ex\u00e9cutifs : \u00e9laborer des narratifs de leadership pour donner le ton au plus haut niveau.<\/li>\n<li>Mesures &amp; insights : \u00e9valuer la maturit\u00e9 de sensibilisation et l\u2019\u00e9volution des comportements dans le temps.<\/li>\n<\/ul>\n\t\t\t\t\t\t\t\t<\/div>\n\t\t\t\t<div class=\"elementor-element elementor-element-c890658 elementor-widget elementor-widget-text-editor\" data-id=\"c890658\" data-element_type=\"widget\" data-e-type=\"widget\" data-widget_type=\"text-editor.default\">\n\t\t\t\t\t\t\t\t\t<p>Objectif : provoquer un changement de comportement gr\u00e2ce \u00e0 une communication claire, accessible et mesurable, qui ancre la sensibilisation cyber dans toute l\u2019organisation.<\/p>\n\t\t\t\t\t\t\t\t<\/div>\n\t\t\t\t\t<\/div>\n\t\t<\/div>\n\t\t\t\t\t<\/div>\n\t\t<\/section>\n\t\t\t\t<section class=\"elementor-section elementor-top-section elementor-element elementor-element-3f89b4b elementor-section-boxed elementor-section-height-default elementor-section-height-default\" data-id=\"3f89b4b\" data-element_type=\"section\" data-e-type=\"section\">\n\t\t\t\t\t\t<div class=\"elementor-container elementor-column-gap-default\">\n\t\t\t\t\t<div class=\"elementor-column elementor-col-50 elementor-top-column elementor-element elementor-element-d80aa9d elementor-invisible\" data-id=\"d80aa9d\" data-element_type=\"column\" data-e-type=\"column\" id=\"culture-03\" data-settings=\"{&quot;animation&quot;:&quot;fadeInUp&quot;}\">\n\t\t\t<div class=\"elementor-widget-wrap elementor-element-populated\">\n\t\t\t\t\t\t<div class=\"elementor-element elementor-element-761f8f2 elementor-view-default elementor-position-block-start elementor-mobile-position-block-start elementor-widget elementor-widget-icon-box\" data-id=\"761f8f2\" data-element_type=\"widget\" data-e-type=\"widget\" data-widget_type=\"icon-box.default\">\n\t\t\t\t\t\t\t<div class=\"elementor-icon-box-wrapper\">\n\n\t\t\t\t\t\t<div class=\"elementor-icon-box-icon\">\n\t\t\t\t<span  class=\"elementor-icon\">\n\t\t\t\t<i aria-hidden=\"true\" class=\" stm-counseling-business\"><\/i>\t\t\t\t<\/span>\n\t\t\t<\/div>\n\t\t\t\n\t\t\t\t\t\t<div class=\"elementor-icon-box-content\">\n\n\t\t\t\t\t\t\t\t\t<h2 class=\"elementor-icon-box-title\">\n\t\t\t\t\t\t<span  >\n\t\t\t\t\t\t\tFormations\t\t\t\t\t\t<\/span>\n\t\t\t\t\t<\/h2>\n\t\t\t\t\n\t\t\t\t\n\t\t\t<\/div>\n\t\t\t\n\t\t<\/div>\n\t\t\t\t\t\t<\/div>\n\t\t\t\t<div class=\"elementor-element elementor-element-27aed71 elementor-widget elementor-widget-text-editor\" data-id=\"27aed71\" data-element_type=\"widget\" data-e-type=\"widget\" data-widget_type=\"text-editor.default\">\n\t\t\t\t\t\t\t\t\t<p class=\"p1\">D\u00e9velopper les comp\u00e9tences et la confiance.<br \/>Donner aux \u00e9quipes les connaissances et les capacit\u00e9s n\u00e9cessaires pour g\u00e9rer efficacement le risque cyber.<br \/>Nos programmes de formation combinent expertise technique, compr\u00e9hension de la gouvernance et sc\u00e9narios pratiques adapt\u00e9s aux r\u00f4les et aux niveaux de maturit\u00e9.<\/p>\n<ul>\n<li class=\"p1\">Parcours d\u2019apprentissage par r\u00f4le : programmes d\u00e9di\u00e9s aux dirigeants, aux \u00e9quipes IT et aux utilisateurs m\u00e9tier.<\/li>\n<li class=\"p1\">Simulations &amp; exercices de crise : sessions tabletop, exercices d\u2019incident et sc\u00e9narios bas\u00e9s sur des cas r\u00e9els.<\/li>\n<li class=\"p1\">Certifications &amp; acad\u00e9mies : d\u00e9velopper des fili\u00e8res de talents internes avec une mont\u00e9e en comp\u00e9tences continue.<\/li>\n<li class=\"p1\">Apprentissage gamifi\u00e9 : renforcer l\u2019engagement gr\u00e2ce \u00e0 des modules e-learning interactifs.<\/li>\n<\/ul>\n\t\t\t\t\t\t\t\t<\/div>\n\t\t\t\t<div class=\"elementor-element elementor-element-d1b7d50 elementor-widget elementor-widget-text-editor\" data-id=\"d1b7d50\" data-element_type=\"widget\" data-e-type=\"widget\" data-widget_type=\"text-editor.default\">\n\t\t\t\t\t\t\t\t\t<p>Objectif : renforcer les comp\u00e9tences organisationnelles en transformant la connaissance en pratique cyber op\u00e9rationnelle.<\/p>\n\t\t\t\t\t\t\t\t<\/div>\n\t\t\t\t\t<\/div>\n\t\t<\/div>\n\t\t\t\t<div class=\"elementor-column elementor-col-50 elementor-top-column elementor-element elementor-element-cd60ca7 elementor-invisible\" data-id=\"cd60ca7\" data-element_type=\"column\" data-e-type=\"column\" data-settings=\"{&quot;background_background&quot;:&quot;classic&quot;,&quot;animation&quot;:&quot;fadeInUp&quot;,&quot;animation_delay&quot;:200}\">\n\t\t\t<div class=\"elementor-widget-wrap\">\n\t\t\t\t\t\t\t<\/div>\n\t\t<\/div>\n\t\t\t\t\t<\/div>\n\t\t<\/section>\n\t\t\t\t<\/div>\n\t\t","protected":false},"excerpt":{"rendered":"<p>Notre expertise &gt; Culture, Organisations &amp; Transformation Culture, Organisations &amp; Transformation Nous aidons les organisations \u00e0 ancrer la cybers\u00e9curit\u00e9 dans leur culture, en impulsant une transformation profonde gr\u00e2ce \u00e0 la sensibilisation, au d\u00e9veloppement des comp\u00e9tences et \u00e0 la mobilisation des dirigeants. Accompagnement du changement Int\u00e9grer le cyber dans la culture pour transformer durablement les pratiques.<\/p>\n","protected":false},"author":1,"featured_media":0,"parent":13332,"menu_order":0,"comment_status":"closed","ping_status":"closed","template":"","meta":{"footnotes":""},"class_list":["post-13334","page","type-page","status-publish","hentry"],"yoast_head":"<!-- This site is optimized with the Yoast SEO plugin v27.2 - https:\/\/yoast.com\/product\/yoast-seo-wordpress\/ -->\n<title>Culture, Organisations &amp; Transformation - Cyber Revolve<\/title>\n<meta name=\"description\" content=\"We help organizations strengthen their security posture without adding complexity, through services designed around real priorities, optimized economic models, and governance that delivers measurable business outcomes.\" \/>\n<meta name=\"robots\" content=\"index, follow, max-snippet:-1, max-image-preview:large, max-video-preview:-1\" \/>\n<link rel=\"canonical\" href=\"https:\/\/cyber-revolve.dev.mirally.com\/our-expertise\/culture-people-transformation\/\" \/>\n<meta property=\"og:locale\" content=\"fr_FR\" \/>\n<meta property=\"og:type\" content=\"article\" \/>\n<meta property=\"og:title\" content=\"Culture, Organisations &amp; Transformation - Cyber Revolve\" \/>\n<meta property=\"og:description\" content=\"We help organizations strengthen their security posture without adding complexity, through services designed around real priorities, optimized economic models, and governance that delivers measurable business outcomes.\" \/>\n<meta property=\"og:url\" content=\"https:\/\/cyber-revolve.dev.mirally.com\/our-expertise\/culture-people-transformation\/\" \/>\n<meta property=\"og:site_name\" content=\"Cyber Revolve\" \/>\n<meta property=\"article:modified_time\" content=\"2026-04-20T11:05:17+00:00\" \/>\n<meta name=\"twitter:card\" content=\"summary_large_image\" \/>\n<meta name=\"twitter:label1\" content=\"Dur\u00e9e de lecture estim\u00e9e\" \/>\n\t<meta name=\"twitter:data1\" content=\"3 minutes\" \/>\n<script type=\"application\/ld+json\" class=\"yoast-schema-graph\">{\"@context\":\"https:\/\/schema.org\",\"@graph\":[{\"@type\":\"WebPage\",\"@id\":\"https:\/\/cyber-revolve.dev.mirally.com\/our-expertise\/culture-people-transformation\/\",\"url\":\"https:\/\/cyber-revolve.dev.mirally.com\/our-expertise\/culture-people-transformation\/\",\"name\":\"Culture, Organisations & Transformation - Cyber Revolve\",\"isPartOf\":{\"@id\":\"https:\/\/cyber-revolve.dev.mirally.com\/#website\"},\"datePublished\":\"2026-02-27T16:23:14+00:00\",\"dateModified\":\"2026-04-20T11:05:17+00:00\",\"description\":\"We help organizations strengthen their security posture without adding complexity, through services designed around real priorities, optimized economic models, and governance that delivers measurable business outcomes.\",\"breadcrumb\":{\"@id\":\"https:\/\/cyber-revolve.dev.mirally.com\/our-expertise\/culture-people-transformation\/#breadcrumb\"},\"inLanguage\":\"fr-FR\",\"potentialAction\":[{\"@type\":\"ReadAction\",\"target\":[\"https:\/\/cyber-revolve.dev.mirally.com\/our-expertise\/culture-people-transformation\/\"]}]},{\"@type\":\"BreadcrumbList\",\"@id\":\"https:\/\/cyber-revolve.dev.mirally.com\/our-expertise\/culture-people-transformation\/#breadcrumb\",\"itemListElement\":[{\"@type\":\"ListItem\",\"position\":1,\"name\":\"Home\",\"item\":\"https:\/\/cyber-revolve.dev.mirally.com\/\"},{\"@type\":\"ListItem\",\"position\":2,\"name\":\"Notre expertise\",\"item\":\"https:\/\/cyber-revolve.dev.mirally.com\/our-expertise\/\"},{\"@type\":\"ListItem\",\"position\":3,\"name\":\"Culture, Organisations &#038; Transformation\"}]},{\"@type\":\"WebSite\",\"@id\":\"https:\/\/cyber-revolve.dev.mirally.com\/#website\",\"url\":\"https:\/\/cyber-revolve.dev.mirally.com\/\",\"name\":\"Cyber Revolve\",\"description\":\"\",\"publisher\":{\"@id\":\"https:\/\/cyber-revolve.dev.mirally.com\/#organization\"},\"potentialAction\":[{\"@type\":\"SearchAction\",\"target\":{\"@type\":\"EntryPoint\",\"urlTemplate\":\"https:\/\/cyber-revolve.dev.mirally.com\/?s={search_term_string}\"},\"query-input\":{\"@type\":\"PropertyValueSpecification\",\"valueRequired\":true,\"valueName\":\"search_term_string\"}}],\"inLanguage\":\"fr-FR\"},{\"@type\":\"Organization\",\"@id\":\"https:\/\/cyber-revolve.dev.mirally.com\/#organization\",\"name\":\"Cyber Revolve\",\"url\":\"https:\/\/cyber-revolve.dev.mirally.com\/\",\"logo\":{\"@type\":\"ImageObject\",\"inLanguage\":\"fr-FR\",\"@id\":\"https:\/\/cyber-revolve.dev.mirally.com\/#\/schema\/logo\/image\/\",\"url\":\"https:\/\/cyber-revolve.dev.mirally.com\/wp-content\/uploads\/2021\/08\/Cyber-Revolve-logo-web-1.png\",\"contentUrl\":\"https:\/\/cyber-revolve.dev.mirally.com\/wp-content\/uploads\/2021\/08\/Cyber-Revolve-logo-web-1.png\",\"width\":905,\"height\":240,\"caption\":\"Cyber Revolve\"},\"image\":{\"@id\":\"https:\/\/cyber-revolve.dev.mirally.com\/#\/schema\/logo\/image\/\"},\"sameAs\":[\"https:\/\/www.linkedin.com\/company\/cyber-revolve\/\"]}]}<\/script>\n<!-- \/ Yoast SEO plugin. -->","yoast_head_json":{"title":"Culture, Organisations & Transformation - Cyber Revolve","description":"We help organizations strengthen their security posture without adding complexity, through services designed around real priorities, optimized economic models, and governance that delivers measurable business outcomes.","robots":{"index":"index","follow":"follow","max-snippet":"max-snippet:-1","max-image-preview":"max-image-preview:large","max-video-preview":"max-video-preview:-1"},"canonical":"https:\/\/cyber-revolve.dev.mirally.com\/our-expertise\/culture-people-transformation\/","og_locale":"fr_FR","og_type":"article","og_title":"Culture, Organisations & Transformation - Cyber Revolve","og_description":"We help organizations strengthen their security posture without adding complexity, through services designed around real priorities, optimized economic models, and governance that delivers measurable business outcomes.","og_url":"https:\/\/cyber-revolve.dev.mirally.com\/our-expertise\/culture-people-transformation\/","og_site_name":"Cyber Revolve","article_modified_time":"2026-04-20T11:05:17+00:00","twitter_card":"summary_large_image","twitter_misc":{"Dur\u00e9e de lecture estim\u00e9e":"3 minutes"},"schema":{"@context":"https:\/\/schema.org","@graph":[{"@type":"WebPage","@id":"https:\/\/cyber-revolve.dev.mirally.com\/our-expertise\/culture-people-transformation\/","url":"https:\/\/cyber-revolve.dev.mirally.com\/our-expertise\/culture-people-transformation\/","name":"Culture, Organisations & Transformation - Cyber Revolve","isPartOf":{"@id":"https:\/\/cyber-revolve.dev.mirally.com\/#website"},"datePublished":"2026-02-27T16:23:14+00:00","dateModified":"2026-04-20T11:05:17+00:00","description":"We help organizations strengthen their security posture without adding complexity, through services designed around real priorities, optimized economic models, and governance that delivers measurable business outcomes.","breadcrumb":{"@id":"https:\/\/cyber-revolve.dev.mirally.com\/our-expertise\/culture-people-transformation\/#breadcrumb"},"inLanguage":"fr-FR","potentialAction":[{"@type":"ReadAction","target":["https:\/\/cyber-revolve.dev.mirally.com\/our-expertise\/culture-people-transformation\/"]}]},{"@type":"BreadcrumbList","@id":"https:\/\/cyber-revolve.dev.mirally.com\/our-expertise\/culture-people-transformation\/#breadcrumb","itemListElement":[{"@type":"ListItem","position":1,"name":"Home","item":"https:\/\/cyber-revolve.dev.mirally.com\/"},{"@type":"ListItem","position":2,"name":"Notre expertise","item":"https:\/\/cyber-revolve.dev.mirally.com\/our-expertise\/"},{"@type":"ListItem","position":3,"name":"Culture, Organisations &#038; Transformation"}]},{"@type":"WebSite","@id":"https:\/\/cyber-revolve.dev.mirally.com\/#website","url":"https:\/\/cyber-revolve.dev.mirally.com\/","name":"Cyber Revolve","description":"","publisher":{"@id":"https:\/\/cyber-revolve.dev.mirally.com\/#organization"},"potentialAction":[{"@type":"SearchAction","target":{"@type":"EntryPoint","urlTemplate":"https:\/\/cyber-revolve.dev.mirally.com\/?s={search_term_string}"},"query-input":{"@type":"PropertyValueSpecification","valueRequired":true,"valueName":"search_term_string"}}],"inLanguage":"fr-FR"},{"@type":"Organization","@id":"https:\/\/cyber-revolve.dev.mirally.com\/#organization","name":"Cyber Revolve","url":"https:\/\/cyber-revolve.dev.mirally.com\/","logo":{"@type":"ImageObject","inLanguage":"fr-FR","@id":"https:\/\/cyber-revolve.dev.mirally.com\/#\/schema\/logo\/image\/","url":"https:\/\/cyber-revolve.dev.mirally.com\/wp-content\/uploads\/2021\/08\/Cyber-Revolve-logo-web-1.png","contentUrl":"https:\/\/cyber-revolve.dev.mirally.com\/wp-content\/uploads\/2021\/08\/Cyber-Revolve-logo-web-1.png","width":905,"height":240,"caption":"Cyber Revolve"},"image":{"@id":"https:\/\/cyber-revolve.dev.mirally.com\/#\/schema\/logo\/image\/"},"sameAs":["https:\/\/www.linkedin.com\/company\/cyber-revolve\/"]}]}},"_links":{"self":[{"href":"https:\/\/cyber-revolve.dev.mirally.com\/fr\/wp-json\/wp\/v2\/pages\/13334","targetHints":{"allow":["GET"]}}],"collection":[{"href":"https:\/\/cyber-revolve.dev.mirally.com\/fr\/wp-json\/wp\/v2\/pages"}],"about":[{"href":"https:\/\/cyber-revolve.dev.mirally.com\/fr\/wp-json\/wp\/v2\/types\/page"}],"author":[{"embeddable":true,"href":"https:\/\/cyber-revolve.dev.mirally.com\/fr\/wp-json\/wp\/v2\/users\/1"}],"replies":[{"embeddable":true,"href":"https:\/\/cyber-revolve.dev.mirally.com\/fr\/wp-json\/wp\/v2\/comments?post=13334"}],"version-history":[{"count":5,"href":"https:\/\/cyber-revolve.dev.mirally.com\/fr\/wp-json\/wp\/v2\/pages\/13334\/revisions"}],"predecessor-version":[{"id":13634,"href":"https:\/\/cyber-revolve.dev.mirally.com\/fr\/wp-json\/wp\/v2\/pages\/13334\/revisions\/13634"}],"up":[{"embeddable":true,"href":"https:\/\/cyber-revolve.dev.mirally.com\/fr\/wp-json\/wp\/v2\/pages\/13332"}],"wp:attachment":[{"href":"https:\/\/cyber-revolve.dev.mirally.com\/fr\/wp-json\/wp\/v2\/media?parent=13334"}],"curies":[{"name":"wp","href":"https:\/\/api.w.org\/{rel}","templated":true}]}}